{"id":233,"date":"2020-08-11T23:50:53","date_gmt":"2020-08-11T16:50:53","guid":{"rendered":"https:\/\/codas.vn\/?page_id=233"},"modified":"2020-08-20T22:30:04","modified_gmt":"2020-08-20T15:30:04","slug":"dao-tao","status":"publish","type":"page","link":"https:\/\/codas.vn\/?page_id=233","title":{"rendered":"\u0110\u00e0o t\u1ea1o"},"content":{"rendered":"\t\t<div data-elementor-type=\"wp-page\" data-elementor-id=\"233\" class=\"elementor elementor-233\" data-elementor-settings=\"[]\">\n\t\t\t<div class=\"elementor-inner\">\n\t\t\t\t<div class=\"elementor-section-wrap\">\n\t\t\t\t\t\t\t<section class=\"elementor-element elementor-element-4596579 elementor-reverse-mobile elementor-section-boxed elementor-section-height-default elementor-section-height-default elementor-section elementor-top-section\" data-id=\"4596579\" data-element_type=\"section\" data-settings=\"{&quot;background_background&quot;:&quot;classic&quot;}\">\n\t\t\t\t\t\t<div class=\"elementor-container elementor-column-gap-default\">\n\t\t\t\t<div class=\"elementor-row\">\n\t\t\t\t<div class=\"elementor-element elementor-element-0cee9da elementor-column elementor-col-50 elementor-top-column\" data-id=\"0cee9da\" data-element_type=\"column\">\n\t\t\t<div class=\"elementor-column-wrap  elementor-element-populated\">\n\t\t\t\t\t<div class=\"elementor-widget-wrap\">\n\t\t\t\t<div class=\"elementor-element elementor-element-48db8c0 elementor-widget elementor-widget-heading\" data-id=\"48db8c0\" data-element_type=\"widget\" data-widget_type=\"heading.default\">\n\t\t\t\t<div class=\"elementor-widget-container\">\n\t\t\t<h2 class=\"elementor-heading-title elementor-size-default\">\u0110\u00e0o t\u1ea1o<\/h2>\t\t<\/div>\n\t\t\t\t<\/div>\n\t\t\t\t<div class=\"elementor-element elementor-element-40499e0 elementor-widget elementor-widget-text-editor\" data-id=\"40499e0\" data-element_type=\"widget\" data-widget_type=\"text-editor.default\">\n\t\t\t\t<div class=\"elementor-widget-container\">\n\t\t\t\t\t<div class=\"elementor-text-editor elementor-clearfix\"><p>\u0110\u00e0o t\u1ea1o l\u00e0 ho\u1ea1t \u0111\u1ed9ng kh\u00f4ng th\u1ec3 thi\u1ebfu \u0111\u1ed1i v\u1edbi 1 \u0111\u01a1n v\u1ecb mu\u1ed1n kinh doanh s\u1ea3n ph\u1ea9m h\u1eefu c\u01a1 ho\u1eb7c ch\u1ee9ng nh\u1eadn v\u00f9ng s\u1ea3n xu\u1ea5t h\u1eefu c\u01a1. C\u00e1c chuy\u00ean gia c\u1ee7a CODAS \u0111\u00e3 tham gia x\u00e2y d\u1ef1ng b\u1ed9 t\u00e0i li\u1ec7u v\u1ec1 N\u00f4ng nghi\u1ec7p h\u1eefu c\u01a1 \u0111\u1ea7u ti\u00ean c\u1ee7a Vi\u1ec7t Nam, d\u01b0\u1edbi s\u1ef1 h\u1ed7 tr\u1ee3 c\u1ee7a d\u1ef1 \u00e1n \u201cph\u00e1t tri\u1ec3n khung s\u1ea3n xu\u1ea5t v\u00e0 th\u1ecb tr\u01b0\u1eddng h\u1eefu c\u01a1 VN\u201d \u0111\u01b0\u1ee3c th\u1ef1c hi\u1ec7n b\u1edfi Trung \u01b0\u01a1ng H\u1ed9i n\u00f4ng d\u00e2n Vi\u1ec7t Nam (VFU) v\u00e0 T\u1ed5 ch\u1ee9c ph\u00e1t tri\u1ec3n n\u00f4ng nghi\u1ec7p Ch\u00e2u \u00c1 \u2013 \u0110an M\u1ea1ch (ADDA), Helvetas Vi\u1ec7t Nam. \u0110\u1ebfn nay, CODAS \u0111\u00e3 tham gia \u0111\u00e0o t\u1ea1o cho nhi\u1ec1u \u0111\u1ed1i t\u01b0\u1ee3ng, t\u1eeb c\u00e1n b\u1ed9 c\u00e1c \u0111\u1ecba ph\u01b0\u01a1ng, c\u00e1c gi\u1ea3ng vi\u00ean n\u00f4ng d\u00e2n, ng\u01b0\u1eddi s\u1ea3n xu\u1ea5t, n\u00f4ng d\u00e2n, doanh nh\u00e2n, ng\u01b0\u1eddi ti\u00eau d\u00f9ng\u2026 C\u00e1c kh\u00f3a h\u1ecdc \u0111\u1ec1u \u0111\u01b0\u1ee3c thi\u1ebft k\u1ebf ph\u00f9 h\u1ee3p v\u1edbi t\u1eebng nh\u00f3m \u0111\u1ed1i t\u01b0\u1ee3ng v\u1edbi ph\u01b0\u01a1ng ph\u00e1p \u0111\u00e0o t\u1ea1o l\u1ea5y ng\u01b0\u1eddi h\u1ecdc l\u00e0m trung t\u00e2m,ph\u01b0\u01a1ng ph\u00e1p gi\u1ea3ng m\u1edbi m\u1ebb v\u00e0 k\u1ebft h\u1ee3p v\u1edbi ho\u1ea1t \u0111\u1ed9ng ngo\u1ea1i kh\u00f3a h\u1ea5p d\u1eabn. Th\u1ebf m\u1ea1nh c\u1ee7a ch\u00fang t\u00f4i l\u00e0 t\u1ed5 ch\u1ee9c h\u1ecdc \u0111i \u0111\u00f4i v\u1edbi h\u00e0nh, khi ti\u1ebfn h\u00e0nh \u0111\u00e0o t\u1ea1o ch\u00fang t\u00f4i \u0111\u00e3 c\u00f3 s\u1eb5n nh\u1eefng v\u00f9ng s\u1ea3n xu\u1ea5t \u0111\u1ea1t chu\u1ea9n h\u1eefu c\u01a1, \u0111\u01b0\u1ee3c c\u1ea5p ch\u1ee9ng nh\u1eadn trong n\u01b0\u1edbc, qu\u1ed1c t\u1ebf \u0111\u1ec3 h\u1ecdc vi\u00ean th\u1ef1c h\u00e0nh, \u0111i\u1ec1u n\u00e0y kh\u00f4ng nhi\u1ec1u \u0111\u01a1n v\u1ecb c\u00f3 th\u1ec3 b\u1ed1 tr\u00ed \u0111\u01b0\u1ee3c v\u00ec kinh nghi\u1ec7m c\u00f2n non tr\u1ebb trong ng\u00e0nh th\u00ec kh\u00f3 \u0111\u1ec3 t\u1ea1o \u0111i\u1ec1u ki\u1ec7n cho h\u1ecdc vi\u00ean th\u1ef1c h\u00e0nh 1 c\u00e1ch tho\u1ea3i m\u00e1i, chu\u1ea9n v\u00e0 d\u1eabn \u0111\u1ebfn thu\u1ea7n th\u1ee5c.<\/p><\/div>\n\t\t\t\t<\/div>\n\t\t\t\t<\/div>\n\t\t\t\t\t\t<\/div>\n\t\t\t<\/div>\n\t\t<\/div>\n\t\t\t\t<div class=\"elementor-element elementor-element-0223fe1 elementor-column elementor-col-50 elementor-top-column\" data-id=\"0223fe1\" data-element_type=\"column\">\n\t\t\t<div class=\"elementor-column-wrap  elementor-element-populated\">\n\t\t\t\t\t<div class=\"elementor-widget-wrap\">\n\t\t\t\t<div class=\"elementor-element elementor-element-c575f10 elementor-aspect-ratio-169 elementor-widget elementor-widget-video\" data-id=\"c575f10\" data-element_type=\"widget\" data-settings=\"{&quot;lightbox&quot;:&quot;yes&quot;,&quot;aspect_ratio&quot;:&quot;169&quot;}\" data-widget_type=\"video.default\">\n\t\t\t\t<div class=\"elementor-widget-container\">\n\t\t\t\t\t<div class=\"elementor-wrapper elementor-open-lightbox\">\n\t\t\t\t\t\t\t<div class=\"elementor-custom-embed-image-overlay\" data-elementor-open-lightbox=\"yes\" data-elementor-lightbox=\"{&quot;type&quot;:&quot;video&quot;,&quot;videoType&quot;:&quot;youtube&quot;,&quot;url&quot;:&quot;https:\\\/\\\/www.youtube.com\\\/embed\\\/o6ajwRcBGbM?feature=oembed&amp;start&amp;end&amp;wmode=opaque&amp;loop=0&amp;controls=1&amp;mute=0&amp;rel=0&amp;modestbranding=0&quot;,&quot;modalOptions&quot;:{&quot;id&quot;:&quot;elementor-lightbox-c575f10&quot;,&quot;entranceAnimation&quot;:&quot;&quot;,&quot;entranceAnimation_tablet&quot;:&quot;&quot;,&quot;entranceAnimation_mobile&quot;:&quot;&quot;,&quot;videoAspectRatio&quot;:&quot;169&quot;}}\">\n\t\t\t\t\t\t\t\t\t\t\t<img width=\"610\" height=\"338\" src=\"https:\/\/codas.vn\/wp-content\/uploads\/2020\/08\/ivan-bandura-9wmL8fOarV4-unsplash.jpg\" class=\"attachment-full size-full\" alt=\"\" loading=\"lazy\" \/>\t\t\t\t\t\t\t\t\t\t\t\t\t\t\t\t<div class=\"elementor-custom-embed-play\" role=\"button\">\n\t\t\t\t\t\t\t<i class=\"eicon-play\" aria-hidden=\"true\"><\/i>\n\t\t\t\t\t\t\t<span class=\"elementor-screen-only\">Ch\u01a1i Video<\/span>\n\t\t\t\t\t\t<\/div>\n\t\t\t\t\t\t\t\t\t<\/div>\n\t\t\t\t\t<\/div>\n\t\t\t\t<\/div>\n\t\t\t\t<\/div>\n\t\t\t\t\t\t<\/div>\n\t\t\t<\/div>\n\t\t<\/div>\n\t\t\t\t\t\t<\/div>\n\t\t\t<\/div>\n\t\t<\/section>\n\t\t\t\t<section class=\"elementor-element elementor-element-8960db9 elementor-reverse-mobile elementor-section-boxed elementor-section-height-default elementor-section-height-default elementor-section elementor-top-section\" data-id=\"8960db9\" data-element_type=\"section\" data-settings=\"{&quot;background_background&quot;:&quot;classic&quot;}\">\n\t\t\t\t\t\t<div class=\"elementor-container elementor-column-gap-default\">\n\t\t\t\t<div class=\"elementor-row\">\n\t\t\t\t<div class=\"elementor-element elementor-element-18d10c2 elementor-column elementor-col-100 elementor-top-column\" data-id=\"18d10c2\" data-element_type=\"column\">\n\t\t\t<div class=\"elementor-column-wrap  elementor-element-populated\">\n\t\t\t\t\t<div class=\"elementor-widget-wrap\">\n\t\t\t\t<div class=\"elementor-element elementor-element-c4ecbca elementor-widget elementor-widget-heading\" data-id=\"c4ecbca\" data-element_type=\"widget\" data-widget_type=\"heading.default\">\n\t\t\t\t<div class=\"elementor-widget-container\">\n\t\t\t<h2 class=\"elementor-heading-title elementor-size-default\">C\u00e1c kh\u00f3a h\u1ecdc<\/h2>\t\t<\/div>\n\t\t\t\t<\/div>\n\t\t\t\t<section class=\"elementor-element elementor-element-3154c6f elementor-section-boxed elementor-section-height-default elementor-section-height-default elementor-section elementor-inner-section\" data-id=\"3154c6f\" data-element_type=\"section\">\n\t\t\t\t\t\t<div class=\"elementor-container elementor-column-gap-default\">\n\t\t\t\t<div class=\"elementor-row\">\n\t\t\t\t<div class=\"elementor-element elementor-element-4b1883d elementor-column elementor-col-50 elementor-inner-column\" data-id=\"4b1883d\" data-element_type=\"column\">\n\t\t\t<div class=\"elementor-column-wrap  elementor-element-populated\">\n\t\t\t\t\t<div class=\"elementor-widget-wrap\">\n\t\t\t\t<div class=\"elementor-element elementor-element-b04e7ad elementor-widget elementor-widget-text-editor\" data-id=\"b04e7ad\" data-element_type=\"widget\" data-widget_type=\"text-editor.default\">\n\t\t\t\t<div class=\"elementor-widget-container\">\n\t\t\t\t\t<div class=\"elementor-text-editor elementor-clearfix\"><p><span style=\"color: #000000;\"><em>&#8221; Ch\u00fang t\u00f4i chia s\u1ebb c\u00e1c ki\u1ebfn th\u1ee9c trong l\u0129nh v\u1ef1c n\u00f4ng nghi\u1ec7p h\u1eefu c\u01a1 g\u1eafn v\u1edbi s\u1ef1 b\u1ec1n v\u1eefng&#8221;<\/em><\/span><\/p><\/div>\n\t\t\t\t<\/div>\n\t\t\t\t<\/div>\n\t\t\t\t\t\t<\/div>\n\t\t\t<\/div>\n\t\t<\/div>\n\t\t\t\t<div class=\"elementor-element elementor-element-ad9d8da elementor-column elementor-col-50 elementor-inner-column\" data-id=\"ad9d8da\" data-element_type=\"column\">\n\t\t\t<div class=\"elementor-column-wrap\">\n\t\t\t\t\t<div class=\"elementor-widget-wrap\">\n\t\t\t\t\t\t<\/div>\n\t\t\t<\/div>\n\t\t<\/div>\n\t\t\t\t\t\t<\/div>\n\t\t\t<\/div>\n\t\t<\/section>\n\t\t\t\t<div class=\"elementor-element elementor-element-ae7a747 elementor-widget elementor-widget-beedesign-course-carousel\" data-id=\"ae7a747\" data-element_type=\"widget\" data-widget_type=\"beedesign-course-carousel.default\">\n\t\t\t\t<div class=\"elementor-widget-container\">\n\t\t\t\t\t\t\t<div class=\"beedesign-course-carousel-container\" dir=\"ltr\" data-settings=\"{&quot;slides_per_view&quot;:2,&quot;slides_per_view_tablet&quot;:&quot;&quot;,&quot;slides_per_view_mobile&quot;:&quot;&quot;}\">\n\t\t\t<div class=\"swiper-container\">\n\t\t\t\t<div class=\"beedesign-course-carousel-wrapper swiper-wrapper\">\n\t\t\t\t\t\t\t\t\t\t\t<div class=\"course-item-slide swiper-slide\">\n\t\t\t\t\t\t\t<div class=\"course-item\">\n\t\t\t\t\t\t\t\t<div class=\"course-item__thumb\">\n\t\t\t\t\t\t\t\t\t<span>01<\/span>\n\t\t\t\t\t\t\t\t<\/div>\n\n\t\t\t\t\t\t\t\t<div class=\"course-item__title\">\n\t\t\t\t\t\t\t\t\t<a >\u0110\u00c0O T\u1ea0O THANH TRA H\u1eeeU C\u01a0 QU\u1ed0C T\u1ebe<\/a>\n\t\t\t\t\t\t\t\t<\/div>\n\t\t\t\t\t\t\t\t<div class=\"course-item__desc\"><\/div>\n\t\t\t\t\t\t\t<\/div>\n\t\t\t\t\t\t<\/div>\n\t\t\t\t\t\t\t\t\t\t\t\t<div class=\"course-item-slide swiper-slide\">\n\t\t\t\t\t\t\t<div class=\"course-item\">\n\t\t\t\t\t\t\t\t<div class=\"course-item__thumb\">\n\t\t\t\t\t\t\t\t\t<span>02<\/span>\n\t\t\t\t\t\t\t\t<\/div>\n\n\t\t\t\t\t\t\t\t<div class=\"course-item__title\">\n\t\t\t\t\t\t\t\t\t<a >\u0110\u00c0O T\u1ea0O TI\u00caU CHU\u1ea8N H\u1eeeU C\u01a0 QU\u1ed0C T\u1ebe<\/a>\n\t\t\t\t\t\t\t\t<\/div>\n\t\t\t\t\t\t\t\t<div class=\"course-item__desc\"><\/div>\n\t\t\t\t\t\t\t<\/div>\n\t\t\t\t\t\t<\/div>\n\t\t\t\t\t\t\t\t\t\t<\/div>\n\t\t\t<\/div>\n\t\t\t\t\t<\/div>\n\t\t\t\t\t\t<\/div>\n\t\t\t\t<\/div>\n\t\t\t\t\t\t<\/div>\n\t\t\t<\/div>\n\t\t<\/div>\n\t\t\t\t\t\t<\/div>\n\t\t\t<\/div>\n\t\t<\/section>\n\t\t\t\t\t\t<\/div>\n\t\t\t<\/div>\n\t\t<\/div>\n\t\t","protected":false},"excerpt":{"rendered":"<p>\u0110\u00e0o t\u1ea1o \u0110\u00e0o t\u1ea1o l\u00e0 ho\u1ea1t \u0111\u1ed9ng kh\u00f4ng th\u1ec3 thi\u1ebfu \u0111\u1ed1i v\u1edbi 1 \u0111\u01a1n v\u1ecb mu\u1ed1n kinh doanh s\u1ea3n ph\u1ea9m<\/p>\n","protected":false},"author":2,"featured_media":0,"parent":0,"menu_order":0,"comment_status":"closed","ping_status":"closed","template":"","meta":[],"lang":"vi","translations":{"en":424,"vi":233},"yoast_head":"<!-- This site is optimized with the Yoast SEO plugin v14.8 - https:\/\/yoast.com\/wordpress\/plugins\/seo\/ -->\n<title>\u0110\u00e0o t\u1ea1o - Codas<\/title>\n<meta name=\"robots\" content=\"index, follow\" \/>\n<meta name=\"googlebot\" content=\"index, follow, max-snippet:-1, max-image-preview:large, max-video-preview:-1\" \/>\n<meta name=\"bingbot\" content=\"index, follow, max-snippet:-1, max-image-preview:large, max-video-preview:-1\" \/>\n<link rel=\"canonical\" href=\"https:\/\/codas.vn\/dao-tao\/\" \/>\n<meta property=\"og:locale\" content=\"vi_VN\" \/>\n<meta property=\"og:type\" content=\"article\" \/>\n<meta property=\"og:title\" content=\"\u0110\u00e0o t\u1ea1o - Codas\" \/>\n<meta property=\"og:description\" content=\"\u0110\u00e0o t\u1ea1o \u0110\u00e0o t\u1ea1o l\u00e0 ho\u1ea1t \u0111\u1ed9ng kh\u00f4ng th\u1ec3 thi\u1ebfu \u0111\u1ed1i v\u1edbi 1 \u0111\u01a1n v\u1ecb mu\u1ed1n kinh doanh s\u1ea3n ph\u1ea9m\" \/>\n<meta property=\"og:url\" content=\"https:\/\/codas.vn\/dao-tao\/\" \/>\n<meta property=\"og:site_name\" content=\"Codas\" \/>\n<meta property=\"article:modified_time\" content=\"2020-08-20T15:30:04+00:00\" \/>\n<meta name=\"twitter:card\" content=\"summary_large_image\" \/>\n<script type=\"application\/ld+json\" class=\"yoast-schema-graph\">{\"@context\":\"https:\/\/schema.org\",\"@graph\":[{\"@type\":\"WebSite\",\"@id\":\"https:\/\/codas.vn\/#website\",\"url\":\"https:\/\/codas.vn\/\",\"name\":\"Codas\",\"description\":\"Just another WordPress site\",\"potentialAction\":[{\"@type\":\"SearchAction\",\"target\":\"https:\/\/codas.vn\/?s={search_term_string}\",\"query-input\":\"required name=search_term_string\"}],\"inLanguage\":\"vi\"},{\"@type\":\"WebPage\",\"@id\":\"https:\/\/codas.vn\/dao-tao\/#webpage\",\"url\":\"https:\/\/codas.vn\/dao-tao\/\",\"name\":\"\\u0110\\u00e0o t\\u1ea1o - Codas\",\"isPartOf\":{\"@id\":\"https:\/\/codas.vn\/#website\"},\"datePublished\":\"2020-08-11T16:50:53+00:00\",\"dateModified\":\"2020-08-20T15:30:04+00:00\",\"breadcrumb\":{\"@id\":\"https:\/\/codas.vn\/dao-tao\/#breadcrumb\"},\"inLanguage\":\"vi\",\"potentialAction\":[{\"@type\":\"ReadAction\",\"target\":[\"https:\/\/codas.vn\/dao-tao\/\"]}]},{\"@type\":\"BreadcrumbList\",\"@id\":\"https:\/\/codas.vn\/dao-tao\/#breadcrumb\",\"itemListElement\":[{\"@type\":\"ListItem\",\"position\":1,\"item\":{\"@type\":\"WebPage\",\"@id\":\"https:\/\/codas.vn\/\",\"url\":\"https:\/\/codas.vn\/\",\"name\":\"Trang ch\\u1ee7\"}},{\"@type\":\"ListItem\",\"position\":2,\"item\":{\"@type\":\"WebPage\",\"@id\":\"https:\/\/codas.vn\/dao-tao\/\",\"url\":\"https:\/\/codas.vn\/dao-tao\/\",\"name\":\"\\u0110\\u00e0o t\\u1ea1o\"}}]}]}<\/script>\n<!-- \/ Yoast SEO plugin. -->","pll_sync_post":[],"_links":{"self":[{"href":"https:\/\/codas.vn\/index.php?rest_route=\/wp\/v2\/pages\/233"}],"collection":[{"href":"https:\/\/codas.vn\/index.php?rest_route=\/wp\/v2\/pages"}],"about":[{"href":"https:\/\/codas.vn\/index.php?rest_route=\/wp\/v2\/types\/page"}],"author":[{"embeddable":true,"href":"https:\/\/codas.vn\/index.php?rest_route=\/wp\/v2\/users\/2"}],"replies":[{"embeddable":true,"href":"https:\/\/codas.vn\/index.php?rest_route=%2Fwp%2Fv2%2Fcomments&post=233"}],"version-history":[{"count":18,"href":"https:\/\/codas.vn\/index.php?rest_route=\/wp\/v2\/pages\/233\/revisions"}],"predecessor-version":[{"id":723,"href":"https:\/\/codas.vn\/index.php?rest_route=\/wp\/v2\/pages\/233\/revisions\/723"}],"wp:attachment":[{"href":"https:\/\/codas.vn\/index.php?rest_route=%2Fwp%2Fv2%2Fmedia&parent=233"}],"curies":[{"name":"wp","href":"https:\/\/api.w.org\/{rel}","templated":true}]}}