{"id":334,"date":"2020-08-12T20:33:21","date_gmt":"2020-08-12T13:33:21","guid":{"rendered":"https:\/\/codas.vn\/?page_id=334"},"modified":"2024-08-30T15:40:26","modified_gmt":"2024-08-30T08:40:26","slug":"xuc-tien-thuong-mai","status":"publish","type":"page","link":"https:\/\/codas.vn\/?page_id=334","title":{"rendered":"X\u00fac ti\u1ebfn th\u01b0\u01a1ng m\u1ea1i"},"content":{"rendered":"\t\t<div data-elementor-type=\"wp-page\" data-elementor-id=\"334\" class=\"elementor elementor-334\" data-elementor-settings=\"[]\">\n\t\t\t<div class=\"elementor-inner\">\n\t\t\t\t<div class=\"elementor-section-wrap\">\n\t\t\t\t\t\t\t<section class=\"elementor-element elementor-element-731e490 elementor-reverse-mobile elementor-section-content-middle elementor-section-boxed elementor-section-height-default elementor-section-height-default elementor-section elementor-top-section\" data-id=\"731e490\" data-element_type=\"section\" data-settings=\"{&quot;background_background&quot;:&quot;classic&quot;}\">\n\t\t\t\t\t\t<div class=\"elementor-container elementor-column-gap-default\">\n\t\t\t\t<div class=\"elementor-row\">\n\t\t\t\t<div class=\"elementor-element elementor-element-489e794 elementor-column elementor-col-50 elementor-top-column\" data-id=\"489e794\" data-element_type=\"column\">\n\t\t\t<div class=\"elementor-column-wrap  elementor-element-populated\">\n\t\t\t\t\t<div class=\"elementor-widget-wrap\">\n\t\t\t\t<div class=\"elementor-element elementor-element-c1d02df elementor-widget elementor-widget-heading\" data-id=\"c1d02df\" data-element_type=\"widget\" data-widget_type=\"heading.default\">\n\t\t\t\t<div class=\"elementor-widget-container\">\n\t\t\t<h2 class=\"elementor-heading-title elementor-size-default\">X\u00fac ti\u1ebfn th\u01b0\u01a1ng m\u1ea1i<\/h2>\t\t<\/div>\n\t\t\t\t<\/div>\n\t\t\t\t<div class=\"elementor-element elementor-element-0b7fcd0 elementor-widget elementor-widget-text-editor\" data-id=\"0b7fcd0\" data-element_type=\"widget\" data-widget_type=\"text-editor.default\">\n\t\t\t\t<div class=\"elementor-widget-container\">\n\t\t\t\t\t<div class=\"elementor-text-editor elementor-clearfix\"><p>M\u1ed9t trong nh\u1eefng \u0111i\u1ec3m kh\u00e1c bi\u1ec7t c\u1ee7a CODAS v\u1edbi c\u00e1c trung t\u00e2m t\u01b0 v\u1ea5n ch\u1ee9ng nh\u1eadn kh\u00e1c trong ng\u00e0nh l\u00e0 h\u1ed7 tr\u1ee3 sau t\u01b0 v\u1ea5n\/ch\u1ee9ng nh\u1eadn. L\u00e0 \u0111\u01a1n v\u1ecb tr\u1ef1c thu\u1ed9c Hi\u1ec7p h\u1ed9i N\u00f4ng nghi\u1ec7p H\u1eefu c\u01a1 Vi\u1ec7t Nam, CODAS c\u00f3 t\u1ea7m nh\u00ecn v\u00e0 c\u00e1c chuy\u00ean gia t\u01b0 v\u1ea5n \u0111\u00e3 l\u00e0m l\u00e2u n\u0103m trong th\u1ecb tr\u01b0\u1eddng h\u1eefu c\u01a1; ch\u00ednh v\u00ec v\u1eady, sau ch\u1ee9ng nh\u1eadn vi\u1ec7c \u0111\u1ecbnh h\u01b0\u1edbng v\u00e0 h\u1ed7 tr\u1ee3 c\u00e1c \u0111\u01a1n v\u1ecb ti\u1ebfp c\u1eadn th\u1ecb tr\u01b0\u1eddng l\u00e0 m\u1ed9t b\u01b0\u1edbc r\u1ea5t quan tr\u1ecdng \u0111\u1ec3 doanh nghi\u1ec7p \u0111\u01b0a s\u1ea3n ph\u1ea9m ra th\u1ecb tr\u01b0\u1eddng h\u1eefu c\u01a1 trong v\u00e0 ngo\u00e0i n\u01b0\u1edbc.<\/p><p>Th\u00e1ng 2 n\u0103m 2018, l\u1ea7n \u0111\u1ea7u ti\u00ean Vi\u1ec7t Nam c\u00f3 m\u1ed9t \u0110o\u00e0n g\u1ed3m 7 doanh nghi\u1ec7p h\u1eefu c\u01a1 c\u00f3 ch\u1ee9ng nh\u1eadn EU, USDA, COR&#8230; (do CODAS t\u1ed5 ch\u1ee9c) tham gia H\u1ed9i ch\u1ee3 Biofach \u0110\u1ee9c.\u00a0Biofach \u0110\u1ee9c l\u00e0 h\u1ed9i ch\u1ee3 th\u01b0\u01a1ng m\u1ea1i h\u1eefu c\u01a1 th\u01b0\u1eddng ni\u00ean \u0111\u01b0\u1ee3c t\u1ed5 ch\u1ee9c v\u00e0o th\u00e1ng 2 l\u1edbn nh\u1ea5t v\u00e0 uy t\u00edn nh\u1ea5t th\u1ebf gi\u1edbi. Ngo\u00e0i ra, h\u00e0ng n\u0103m, c\u00f3 7 H\u1ed9i ch\u1ee3 h\u1eefu c\u01a1 Biofach \u0111\u01b0\u1ee3c t\u1ed5 ch\u1ee9c tr\u1ea3i r\u1ed9ng tr\u00ean kh\u1eafp c\u00e1c ch\u00e2u l\u1ee5c.<\/p><p>Ti\u1ebfp n\u1ed1i th\u00e0nh c\u00f4ng t\u1eeb n\u0103m 2018 cho t\u1edbi nay, ch\u00fang t\u00f4i \u0111\u00e3 t\u1ed5 ch\u1ee9c th\u00e0nh c\u00f4ng th\u00eam 7 \u0110o\u00e0n doanh nghi\u1ec7p h\u1eefu c\u01a1 Vi\u1ec7t Nam tham gia H\u1ed9i ch\u1ee3 qu\u1ed1c t\u1ebf t\u1ea1i \u0110\u1ee9c, Th\u00e1i Lan v\u00e0 3 h\u1ed9i ch\u1ee3 h\u1eefu c\u01a1 trong n\u01b0\u1edbc. C\u00e1c h\u1ed9i ch\u1ee3 di\u1ec5n ra \u0111\u1ec1u \u0111\u1ea1t k\u1ebft qu\u1ea3 cao h\u01a1n mong \u0111\u1ee3i. C\u00e1c n\u0103m ti\u1ebfp theo, CODAS v\u1eabn t\u1ed5 ch\u1ee9c \u0111o\u00e0n tham gia c\u00e1c H\u1ed9i ch\u1ee3 n\u00e0y v\u00e0 s\u1ebd h\u1ed7 tr\u1ee3 c\u00e1c doanh nghi\u1ec7p ti\u1ebfp c\u1eadn \u0111\u01b0\u1ee3c c\u00e1c th\u1ecb tr\u01b0\u1eddng h\u1eefu c\u01a1 kh\u00f3 t\u00ednh nh\u01b0 M\u1ef9, Ch\u00e2u \u00c2u, Trung Qu\u1ed1c, Nh\u1eadt B\u1ea3n&#8230;<\/p><\/div>\n\t\t\t\t<\/div>\n\t\t\t\t<\/div>\n\t\t\t\t\t\t<\/div>\n\t\t\t<\/div>\n\t\t<\/div>\n\t\t\t\t<div class=\"elementor-element elementor-element-d550883 elementor-column elementor-col-50 elementor-top-column\" data-id=\"d550883\" data-element_type=\"column\">\n\t\t\t<div class=\"elementor-column-wrap  elementor-element-populated\">\n\t\t\t\t\t<div class=\"elementor-widget-wrap\">\n\t\t\t\t<div class=\"elementor-element elementor-element-278d2df elementor-aspect-ratio-169 elementor-widget elementor-widget-video\" data-id=\"278d2df\" data-element_type=\"widget\" data-settings=\"{&quot;lightbox&quot;:&quot;yes&quot;,&quot;aspect_ratio&quot;:&quot;169&quot;}\" data-widget_type=\"video.default\">\n\t\t\t\t<div class=\"elementor-widget-container\">\n\t\t\t\t\t<div class=\"elementor-wrapper elementor-open-lightbox\">\n\t\t\t\t\t\t\t<div class=\"elementor-custom-embed-image-overlay\" data-elementor-open-lightbox=\"yes\" data-elementor-lightbox=\"{&quot;type&quot;:&quot;video&quot;,&quot;videoType&quot;:&quot;youtube&quot;,&quot;url&quot;:&quot;https:\\\/\\\/www.youtube.com\\\/embed\\\/V7scR0FZJnw?feature=oembed&amp;start&amp;end&amp;wmode=opaque&amp;loop=0&amp;controls=1&amp;mute=0&amp;rel=0&amp;modestbranding=0&quot;,&quot;modalOptions&quot;:{&quot;id&quot;:&quot;elementor-lightbox-278d2df&quot;,&quot;entranceAnimation&quot;:&quot;&quot;,&quot;entranceAnimation_tablet&quot;:&quot;&quot;,&quot;entranceAnimation_mobile&quot;:&quot;&quot;,&quot;videoAspectRatio&quot;:&quot;169&quot;}}\">\n\t\t\t\t\t\t\t\t\t\t\t<img width=\"610\" height=\"338\" src=\"https:\/\/codas.vn\/wp-content\/uploads\/2020\/08\/ivan-bandura-9wmL8fOarV4-unsplash.jpg\" class=\"attachment-full size-full\" alt=\"\" loading=\"lazy\" \/>\t\t\t\t\t\t\t\t\t\t\t\t\t\t\t\t<div class=\"elementor-custom-embed-play\" role=\"button\">\n\t\t\t\t\t\t\t<i class=\"eicon-play\" aria-hidden=\"true\"><\/i>\n\t\t\t\t\t\t\t<span class=\"elementor-screen-only\">Ch\u01a1i Video<\/span>\n\t\t\t\t\t\t<\/div>\n\t\t\t\t\t\t\t\t\t<\/div>\n\t\t\t\t\t<\/div>\n\t\t\t\t<\/div>\n\t\t\t\t<\/div>\n\t\t\t\t\t\t<\/div>\n\t\t\t<\/div>\n\t\t<\/div>\n\t\t\t\t\t\t<\/div>\n\t\t\t<\/div>\n\t\t<\/section>\n\t\t\t\t<section class=\"elementor-element elementor-element-a164973 elementor-section-boxed elementor-section-height-default elementor-section-height-default elementor-section elementor-top-section\" data-id=\"a164973\" data-element_type=\"section\" data-settings=\"{&quot;background_background&quot;:&quot;classic&quot;}\">\n\t\t\t\t\t\t<div class=\"elementor-container elementor-column-gap-default\">\n\t\t\t\t<div class=\"elementor-row\">\n\t\t\t\t<div class=\"elementor-element elementor-element-b86fa83 elementor-column elementor-col-100 elementor-top-column\" data-id=\"b86fa83\" data-element_type=\"column\">\n\t\t\t<div class=\"elementor-column-wrap  elementor-element-populated\">\n\t\t\t\t\t<div class=\"elementor-widget-wrap\">\n\t\t\t\t<div class=\"elementor-element elementor-element-b8fab2f elementor-widget elementor-widget-heading\" data-id=\"b8fab2f\" data-element_type=\"widget\" data-widget_type=\"heading.default\">\n\t\t\t\t<div class=\"elementor-widget-container\">\n\t\t\t<h2 class=\"elementor-heading-title elementor-size-default\">Tri\u1ec3n l\u00e3m<\/h2>\t\t<\/div>\n\t\t\t\t<\/div>\n\t\t\t\t<div class=\"elementor-element elementor-element-95cb7a4 elementor-grid-1 elementor-posts--thumbnail-left elementor-grid-tablet-1 elementor-grid-mobile-1 elementor-widget elementor-widget-posts\" data-id=\"95cb7a4\" data-element_type=\"widget\" data-settings=\"{&quot;classic_columns&quot;:&quot;1&quot;,&quot;classic_row_gap&quot;:{&quot;unit&quot;:&quot;px&quot;,&quot;size&quot;:90,&quot;sizes&quot;:[]},&quot;classic_columns_tablet&quot;:&quot;1&quot;,&quot;classic_columns_mobile&quot;:&quot;1&quot;}\" data-widget_type=\"posts.classic\">\n\t\t\t\t<div class=\"elementor-widget-container\">\n\t\t\t\t\t<div class=\"elementor-posts-container elementor-posts elementor-posts--skin-classic elementor-grid\">\n\t\t\t\t<article class=\"elementor-post elementor-grid-item post-324 service type-service status-publish has-post-thumbnail hentry\">\n\t\t\t\t<a class=\"elementor-post__thumbnail__link\" href=\"https:\/\/codas.vn\/?service=ten-trien-lam-1-6\" >\n\t\t\t<div class=\"elementor-post__thumbnail\"><img width=\"300\" height=\"200\" src=\"https:\/\/codas.vn\/wp-content\/uploads\/2020\/08\/biofachk0tckxg40i-min-1080x720-1.jpg\" class=\"attachment-medium size-medium\" alt=\"\" loading=\"lazy\" \/><\/div>\n\t\t<\/a>\n\t\t\t\t<div class=\"elementor-post__text\">\n\t\t\t\t<h3 class=\"elementor-post__title\">\n\t\t\t<a href=\"https:\/\/codas.vn\/?service=ten-trien-lam-1-6\" >\n\t\t\t\tH\u1ed8I CH\u1ee2 H\u1eeeU C\u01a0 BIOFACH \u0110\u1ee8C 2021 (17-20\/02\/2020)\t\t\t<\/a>\n\t\t<\/h3>\n\t\t\t\t<div class=\"elementor-post__excerpt\">\n\t\t\t<p>H\u1ed9i ch\u1ee3 BIOFACH l\u00e0 H\u1ed9i ch\u1ee3 h\u00e0ng \u0111\u1ea7u th\u1ebf gi\u1edbi v\u1ec1 th\u1ef1c ph\u1ea9m h\u1eefu c\u01a1 v\u00e0 \u0111\u01b0\u1ee3c t\u1ed5 ch\u1ee9c th\u01b0\u1eddng ni\u00ean trong su\u1ed1t 31 n\u0103m qua, m\u1ed9t h\u1ed9i ch\u1ee3 qu\u1ed1c t\u1ebf chuy\u00ean v\u1ec1 s\u1ea3n ph\u1ea9m h\u1eefu c\u01a1, s\u1ea3n ph\u1ea9m ch\u0103m s\u00f3c s\u1ee9c kho\u1ebb, \u0111\u00e2y l\u00e0 m\u1ed9t s\u1ef1 ki\u1ec7n kinh t\u1ebf quan tr\u1ecdng t\u1ea1i Ch\u00e2u \u00c2u n\u00f3i ri\u00eang v\u00e0 ng\u00e0nh h\u1eefu c\u01a1 th\u1ebf gi\u1edbi n\u00f3i chung, \u0111em l\u1ea1i c\u01a1 h\u1ed9i cho m\u1ecdi nh\u00e0 s\u1ea3n xu\u1ea5t, c\u00f4ng ty mua s\u1ea3n ph\u1ea9m h\u1eefu c\u01a1, c\u00e1c \u0111\u01a1n v\u1ecb t\u01b0 nh\u00e2n v\u00e0 ch\u00ednh ph\u1ee7\u2026 \u2013 m\u1ed9t c\u01a1 h\u1ed9i \u0111\u1ec3 t\u1ee5 h\u1ecdp l\u1ea1i v\u00e0 \u0111\u1ecbnh v\u1ecb th\u01b0\u01a1ng hi\u1ec7u c\u1ee7a m\u00ecnh, \u0111\u00e2y l\u00e0 l\u00fd do m\u00e0 h\u1ed9i ch\u1ee3 Biofach tr\u1edf th\u00e0nh m\u1ed9t s\u00e2n ch\u01a1i th\u01b0\u1eddng ni\u00ean kh\u00f4ng th\u1ec3 thi\u1ebfu trong l\u0129nh v\u1ef1c h\u1eefu c\u01a1. N\u0103m 2020 h\u1ed9i ch\u1ee3 c\u00f3 t\u1ed5ng 3.738 nh\u00e0 tri\u1ec3n l\u00e3m t\u1eeb 110 qu\u1ed1c gia tr\u00ean th\u1ebf gi\u1edbi, 47.000 kh\u00e1ch tham quan \u0111\u1ebfn t\u1eeb<\/p>\n\t\t<\/div>\n\t\t\t\t\t<a class=\"elementor-post__read-more\" href=\"https:\/\/codas.vn\/?service=ten-trien-lam-1-6\" >\n\t\t\t\tXem t\u1ea5t c\u1ea3\t\t\t<\/a>\n\t\t\t\t<\/div>\n\t\t\t\t<\/article>\n\t\t\t\t<article class=\"elementor-post elementor-grid-item post-326 service type-service status-publish has-post-thumbnail hentry\">\n\t\t\t\t<a class=\"elementor-post__thumbnail__link\" href=\"https:\/\/codas.vn\/?service=ten-trien-lam-1-4\" >\n\t\t\t<div class=\"elementor-post__thumbnail\"><img width=\"300\" height=\"169\" src=\"https:\/\/codas.vn\/wp-content\/uploads\/2020\/08\/IMG_2701.jpg\" class=\"attachment-medium size-medium\" alt=\"\" loading=\"lazy\" \/><\/div>\n\t\t<\/a>\n\t\t\t\t<div class=\"elementor-post__text\">\n\t\t\t\t<h3 class=\"elementor-post__title\">\n\t\t\t<a href=\"https:\/\/codas.vn\/?service=ten-trien-lam-1-4\" >\n\t\t\t\tH\u1ed8I CH\u1ee2 H\u1eeeU C\u01a0 BIOFACH \u0110\u00d4NG NAM \u00c1 2021\t\t\t<\/a>\n\t\t<\/h3>\n\t\t\t\t<div class=\"elementor-post__excerpt\">\n\t\t\t<p>Nh\u1eadn th\u1ea5y ti\u1ec1m n\u0103ng ph\u00e1t tri\u1ec3n h\u1eefu c\u01a1 c\u1ee7a khu v\u1ef1c \u0110\u00f4ng Nam \u00c1, n\u0103m 2018, l\u00e0 n\u0103m \u0111\u1ea7u ti\u00ean h\u1ed9i ch\u1ee3 Biofach \u0110\u00f4ng Nam \u00c1 \u0111\u01b0\u1ee3c t\u1ed5 ch\u1ee9c t\u1ea1i Bangkok, Th\u00e1i Lan d\u01b0\u1edbi s\u1ef1 t\u1ed5 ch\u1ee9c c\u1ee7a Li\u00ean minh hi\u1ec7p h\u1ed9i h\u1eefu c\u01a1 c\u00e1c n\u01b0\u1edbc \u0110\u00f4ng Nam \u00c1 v\u00e0 C\u00f4ng ty Nuremberg Messe \u2013 \u0110\u01a1n v\u1ecb t\u1ed5 ch\u1ee9c 7 h\u1ed9i ch\u1ee3 h\u1eefu c\u01a1 tr\u00ean th\u1ebf gi\u1edbi, h\u1ed9i ch\u1ee3 v\u1edbi t\u1ed5ng di\u1ec7n t\u00edch l\u00e0 4.758m2 (trong \u0111\u00f3 2.531 m2 cho khu gian h\u00e0ng h\u1eefu c\u01a1, 2.227 khu gian h\u00e0ng t\u1ef1 nhi\u00ean) v\u00e0 h\u00e0ng ch\u1ee5c ngh\u00ecn l\u01b0\u1ee3t kh\u00e1ch tham quan \u0111\u1ebfn t\u1eeb c\u00e1c n\u01b0\u1edbc tr\u00ean th\u1ebf gi\u1edbi.H\u1ed9i ch\u1ee3 Biofach Th\u00e1i Lan m\u1edf ra m\u00f4t n\u1ec1n t\u1ea3ng k\u1ebft n\u1ed1i th\u00f4ng tin v\u00e0 truy\u1ec1n th\u00f4ng v\u1ec1 ng\u00e0nh n\u00f4ng nghi\u1ec7p h\u1eefu c\u01a1 cho c\u1ea3 khu v\u1ef1c \u0110\u00f4ng Nam \u00c1, k\u1ebft n\u1ed1i th\u1ecb tr\u01b0\u1eddng giao th\u01b0\u01a1ng gi\u1eefa c\u00e1c n\u01b0\u1edbc trong khu v\u1ef1c \u0111\u1ed3ng th\u1eddi th\u00fac<\/p>\n\t\t<\/div>\n\t\t\t\t\t<a class=\"elementor-post__read-more\" href=\"https:\/\/codas.vn\/?service=ten-trien-lam-1-4\" >\n\t\t\t\tXem t\u1ea5t c\u1ea3\t\t\t<\/a>\n\t\t\t\t<\/div>\n\t\t\t\t<\/article>\n\t\t\t\t<article class=\"elementor-post elementor-grid-item post-322 service type-service status-publish has-post-thumbnail hentry\">\n\t\t\t\t<a class=\"elementor-post__thumbnail__link\" href=\"https:\/\/codas.vn\/?service=ten-trien-lam-1\" >\n\t\t\t<div class=\"elementor-post__thumbnail\"><img width=\"300\" height=\"196\" src=\"https:\/\/codas.vn\/wp-content\/uploads\/2020\/08\/service-1.png\" class=\"attachment-medium size-medium\" alt=\"\" loading=\"lazy\" \/><\/div>\n\t\t<\/a>\n\t\t\t\t<div class=\"elementor-post__text\">\n\t\t\t\t<h3 class=\"elementor-post__title\">\n\t\t\t<a href=\"https:\/\/codas.vn\/?service=ten-trien-lam-1\" >\n\t\t\t\tH\u1ed8I CH\u1ee2 N\u00d4NG NGHI\u1ec6P H\u1eeeU C\u01a0 VI\u1ec6T NAM\t\t\t<\/a>\n\t\t<\/h3>\n\t\t\t\t<div class=\"elementor-post__excerpt\">\n\t\t\t\t\t<\/div>\n\t\t\t\t\t<a class=\"elementor-post__read-more\" href=\"https:\/\/codas.vn\/?service=ten-trien-lam-1\" >\n\t\t\t\tXem t\u1ea5t c\u1ea3\t\t\t<\/a>\n\t\t\t\t<\/div>\n\t\t\t\t<\/article>\n\t\t\t\t<article class=\"elementor-post elementor-grid-item post-760 service type-service status-publish has-post-thumbnail hentry\">\n\t\t\t\t<a class=\"elementor-post__thumbnail__link\" href=\"https:\/\/codas.vn\/?service=biofach-into-organic-2021-17-20-02-2021&lang=en\" >\n\t\t\t<div class=\"elementor-post__thumbnail\"><img width=\"300\" height=\"200\" src=\"https:\/\/codas.vn\/wp-content\/uploads\/2020\/08\/biofachk0tckxg40i-min-1080x720-1.jpg\" class=\"attachment-medium size-medium\" alt=\"\" loading=\"lazy\" \/><\/div>\n\t\t<\/a>\n\t\t\t\t<div class=\"elementor-post__text\">\n\t\t\t\t<h3 class=\"elementor-post__title\">\n\t\t\t<a href=\"https:\/\/codas.vn\/?service=biofach-into-organic-2021-17-20-02-2021&lang=en\" >\n\t\t\t\tBIOFACH INTO ORGANIC 2021 (17-20\/02\/2021)\t\t\t<\/a>\n\t\t<\/h3>\n\t\t\t\t<div class=\"elementor-post__excerpt\">\n\t\t\t<p>BIOFACH Fair is the world&#8217;s leading Fair for organic food and held annually for 31 years, an international fair specializing in organic products, health care products, this is a\u00a0 important economic events in Europe in particular and the world organic industry in general, providing opportunities for all producers, companies to buy organic products, private and government entities &#8230; &#8211; an opportunity\u00a0 To gather together and position its brand, this is the reason that Biofach fair becomes an indispensable annual playground in the organic field.\u00a0 In 2020, the fair will have a total of 3, 738 exhibitors from 110 countries around the world, 47,000 visitors from 136 different countries around the world. The Vietnam Organic Agriculture Association has held a Vietnam booth at the Biofach Duc Fair for 3 years (2018 and 2019,2020) and there has been a marked change between 2018 and 2019,2020.\u00a0 In 2020, the Vietnamese delegation consists of<\/p>\n\t\t<\/div>\n\t\t\t\t\t<a class=\"elementor-post__read-more\" href=\"https:\/\/codas.vn\/?service=biofach-into-organic-2021-17-20-02-2021&lang=en\" >\n\t\t\t\tXem t\u1ea5t c\u1ea3\t\t\t<\/a>\n\t\t\t\t<\/div>\n\t\t\t\t<\/article>\n\t\t\t\t<\/div>\n\t\t\t\t<\/div>\n\t\t\t\t<\/div>\n\t\t\t\t<div class=\"elementor-element elementor-element-21b8c6f elementor-align-center elementor-widget elementor-widget-button\" data-id=\"21b8c6f\" data-element_type=\"widget\" data-widget_type=\"button.default\">\n\t\t\t\t<div class=\"elementor-widget-container\">\n\t\t\t\t\t<div class=\"elementor-button-wrapper\">\n\t\t\t<a href=\"#\" class=\"elementor-button-link elementor-button elementor-size-sm\" role=\"button\">\n\t\t\t\t\t\t<span class=\"elementor-button-content-wrapper\">\n\t\t\t\t\t\t<span class=\"elementor-button-text\">Xem th\u00eam<\/span>\n\t\t<\/span>\n\t\t\t\t\t<\/a>\n\t\t<\/div>\n\t\t\t\t<\/div>\n\t\t\t\t<\/div>\n\t\t\t\t<div class=\"elementor-element elementor-element-bbf69b5 elementor-widget elementor-widget-heading\" data-id=\"bbf69b5\" data-element_type=\"widget\" data-widget_type=\"heading.default\">\n\t\t\t\t<div class=\"elementor-widget-container\">\n\t\t\t<h2 class=\"elementor-heading-title elementor-size-default\">Th\u00f4ng tin th\u1ecb tr\u01b0\u1eddng<\/h2>\t\t<\/div>\n\t\t\t\t<\/div>\n\t\t\t\t<div class=\"elementor-element elementor-element-93f4192 elementor-grid-3 elementor-grid-tablet-2 elementor-grid-mobile-1 elementor-posts--thumbnail-top elementor-widget elementor-widget-posts\" data-id=\"93f4192\" data-element_type=\"widget\" data-settings=\"{&quot;classic_columns&quot;:&quot;3&quot;,&quot;classic_columns_tablet&quot;:&quot;2&quot;,&quot;classic_columns_mobile&quot;:&quot;1&quot;,&quot;classic_row_gap&quot;:{&quot;unit&quot;:&quot;px&quot;,&quot;size&quot;:35,&quot;sizes&quot;:[]}}\" data-widget_type=\"posts.classic\">\n\t\t\t\t<div class=\"elementor-widget-container\">\n\t\t\t\t\t<div class=\"elementor-posts-container elementor-posts elementor-posts--skin-classic elementor-grid\">\n\t\t\t\t<article class=\"elementor-post elementor-grid-item post-1213 post type-post status-publish format-standard has-post-thumbnail hentry category-uncategorized\">\n\t\t\t\t<a class=\"elementor-post__thumbnail__link\" href=\"https:\/\/codas.vn\/?p=1213\" >\n\t\t\t<div class=\"elementor-post__thumbnail\"><img width=\"300\" height=\"169\" src=\"https:\/\/codas.vn\/wp-content\/uploads\/2025\/05\/IMG_20250521_172839-scaled.jpg\" class=\"attachment-medium size-medium\" alt=\"\" loading=\"lazy\" \/><\/div>\n\t\t<\/a>\n\t\t\t\t<div class=\"elementor-post__text\">\n\t\t\t\t<h3 class=\"elementor-post__title\">\n\t\t\t<a href=\"https:\/\/codas.vn\/?p=1213\" >\n\t\t\t\tB\u00cd M\u1eacT H\u1ed2I SINH T\u1eea C\u00c2N B\u1eb0NG M\u00c2M C\u01a0M NH\u00c0\t\t\t<\/a>\n\t\t<\/h3>\n\t\t\t\t<div class=\"elementor-post__meta-data\">\n\t\t\t\t\t<span class=\"elementor-post-date\">\n\t\t\t22\/05\/2025\t\t<\/span>\n\t\t\t\t<\/div>\n\t\t\t\t<div class=\"elementor-post__excerpt\">\n\t\t\t<p>\u2013 M\u1ed9t chi\u1ec1u th\u1ee9 T\u01b0 tr\u00f2n \u0111\u1ea7y t\u1ea1i Genesis \u2013Chi\u1ec1u ng\u00e0y 21\/5\/2025, d\u00f9 ngo\u00e0i tr\u1eddi m\u01b0a gi\u00f4ng n\u1eb7ng h\u1ea1t, kh\u00f4ng<\/p>\n\t\t<\/div>\n\t\t\t\t<\/div>\n\t\t\t\t<\/article>\n\t\t\t\t<article class=\"elementor-post elementor-grid-item post-1208 post type-post status-publish format-standard hentry category-uncategorized\">\n\t\t\t\t<div class=\"elementor-post__text\">\n\t\t\t\t<h3 class=\"elementor-post__title\">\n\t\t\t<a href=\"https:\/\/codas.vn\/?p=1208\" >\n\t\t\t\tGENESIS: H\u00c0NH TR\u00ccNH DINH D\u01af\u1ee0NG C\u00d9NG NIFAM, M\u1ee4C \u0110\u1ed2NG ORGANIC: THANH KHI\u1ebeT T\u1eeaNG GI\u1eccT S\u1eeeA\t\t\t<\/a>\n\t\t<\/h3>\n\t\t\t\t<div class=\"elementor-post__meta-data\">\n\t\t\t\t\t<span class=\"elementor-post-date\">\n\t\t\t17\/05\/2025\t\t<\/span>\n\t\t\t\t<\/div>\n\t\t\t\t<div class=\"elementor-post__excerpt\">\n\t\t\t<p>Ng\u00e0y 11 th\u00e1ng 5 n\u0103m 2025 v\u1eeba qua, m\u1ed9t ho\u1ea1t \u0111\u1ed9ng tr\u1ea3i nghi\u1ec7m v\u00f4 c\u00f9ng \u00fd ngh\u0129a d\u00e0nh cho c\u00e1c<\/p>\n\t\t<\/div>\n\t\t\t\t<\/div>\n\t\t\t\t<\/article>\n\t\t\t\t<article class=\"elementor-post elementor-grid-item post-1203 post type-post status-publish format-standard hentry category-uncategorized\">\n\t\t\t\t<div class=\"elementor-post__text\">\n\t\t\t\t<h3 class=\"elementor-post__title\">\n\t\t\t<a href=\"https:\/\/codas.vn\/?p=1203\" >\n\t\t\t\tTH\u00daC \u0110\u1ea8Y GI\u00c1O D\u1ee4C DINH D\u01af\u1ee0NG V\u00c0 TH\u1ef0C PH\u1ea8M B\u1ec0N V\u1eeeNG T\u1eea V\u01af\u1edcN TR\u01af\u1edcNG SINH TH\u00c1I\t\t\t<\/a>\n\t\t<\/h3>\n\t\t\t\t<div class=\"elementor-post__meta-data\">\n\t\t\t\t\t<span class=\"elementor-post-date\">\n\t\t\t16\/05\/2025\t\t<\/span>\n\t\t\t\t<\/div>\n\t\t\t\t<div class=\"elementor-post__excerpt\">\n\t\t\t<p>Tu\u1ea7n v\u1eeba qua, CODAS \u0111\u00e3 ph\u1ed1i h\u1ee3p c\u00f9ng H\u1ec7 th\u1ed1ng Gi\u00e1o d\u1ee5c Genesis t\u1ed5 ch\u1ee9c th\u00e0nh c\u00f4ng bu\u1ed5i h\u1ed9i th\u1ea3o<\/p>\n\t\t<\/div>\n\t\t\t\t<\/div>\n\t\t\t\t<\/article>\n\t\t\t\t<\/div>\n\t\t\t\t<\/div>\n\t\t\t\t<\/div>\n\t\t\t\t\t\t<\/div>\n\t\t\t<\/div>\n\t\t<\/div>\n\t\t\t\t\t\t<\/div>\n\t\t\t<\/div>\n\t\t<\/section>\n\t\t\t\t\t\t<\/div>\n\t\t\t<\/div>\n\t\t<\/div>\n\t\t","protected":false},"excerpt":{"rendered":"<p>M\u1ed9t trong nh\u1eefng \u0111i\u1ec3m kh\u00e1c bi\u1ec7t c\u1ee7a CODAS v\u1edbi c\u00e1c trung t\u00e2m t\u01b0 v\u1ea5n ch\u1ee9ng nh\u1eadn kh\u00e1c trong ng\u00e0nh l\u00e0<\/p>\n","protected":false},"author":2,"featured_media":0,"parent":0,"menu_order":0,"comment_status":"closed","ping_status":"closed","template":"","meta":[],"lang":"vi","translations":{"en":417,"vi":334},"yoast_head":"<!-- This site is optimized with the Yoast SEO plugin v14.8 - https:\/\/yoast.com\/wordpress\/plugins\/seo\/ -->\n<title>X\u00fac ti\u1ebfn th\u01b0\u01a1ng m\u1ea1i - Codas<\/title>\n<meta name=\"robots\" content=\"index, follow\" \/>\n<meta name=\"googlebot\" content=\"index, follow, max-snippet:-1, max-image-preview:large, max-video-preview:-1\" \/>\n<meta name=\"bingbot\" content=\"index, follow, max-snippet:-1, max-image-preview:large, max-video-preview:-1\" \/>\n<link rel=\"canonical\" href=\"https:\/\/codas.vn\/?page_id=334\" \/>\n<meta property=\"og:locale\" content=\"vi_VN\" \/>\n<meta property=\"og:type\" content=\"article\" \/>\n<meta property=\"og:title\" content=\"X\u00fac ti\u1ebfn th\u01b0\u01a1ng m\u1ea1i - Codas\" \/>\n<meta property=\"og:description\" content=\"M\u1ed9t trong nh\u1eefng \u0111i\u1ec3m kh\u00e1c bi\u1ec7t c\u1ee7a CODAS v\u1edbi c\u00e1c trung t\u00e2m t\u01b0 v\u1ea5n ch\u1ee9ng nh\u1eadn kh\u00e1c trong ng\u00e0nh l\u00e0\" \/>\n<meta property=\"og:url\" content=\"https:\/\/codas.vn\/?page_id=334\" \/>\n<meta property=\"og:site_name\" content=\"Codas\" \/>\n<meta property=\"article:modified_time\" content=\"2024-08-30T08:40:26+00:00\" \/>\n<meta name=\"twitter:card\" content=\"summary_large_image\" \/>\n<script type=\"application\/ld+json\" class=\"yoast-schema-graph\">{\"@context\":\"https:\/\/schema.org\",\"@graph\":[{\"@type\":\"WebSite\",\"@id\":\"https:\/\/codas.vn\/#website\",\"url\":\"https:\/\/codas.vn\/\",\"name\":\"Codas\",\"description\":\"Just another WordPress site\",\"potentialAction\":[{\"@type\":\"SearchAction\",\"target\":\"https:\/\/codas.vn\/?s={search_term_string}\",\"query-input\":\"required name=search_term_string\"}],\"inLanguage\":\"vi\"},{\"@type\":\"WebPage\",\"@id\":\"https:\/\/codas.vn\/?page_id=334#webpage\",\"url\":\"https:\/\/codas.vn\/?page_id=334\",\"name\":\"X\\u00fac ti\\u1ebfn th\\u01b0\\u01a1ng m\\u1ea1i - Codas\",\"isPartOf\":{\"@id\":\"https:\/\/codas.vn\/#website\"},\"datePublished\":\"2020-08-12T13:33:21+00:00\",\"dateModified\":\"2024-08-30T08:40:26+00:00\",\"breadcrumb\":{\"@id\":\"https:\/\/codas.vn\/?page_id=334#breadcrumb\"},\"inLanguage\":\"vi\",\"potentialAction\":[{\"@type\":\"ReadAction\",\"target\":[\"https:\/\/codas.vn\/?page_id=334\"]}]},{\"@type\":\"BreadcrumbList\",\"@id\":\"https:\/\/codas.vn\/?page_id=334#breadcrumb\",\"itemListElement\":[{\"@type\":\"ListItem\",\"position\":1,\"item\":{\"@type\":\"WebPage\",\"@id\":\"https:\/\/codas.vn\/\",\"url\":\"https:\/\/codas.vn\/\",\"name\":\"Trang ch\\u1ee7\"}},{\"@type\":\"ListItem\",\"position\":2,\"item\":{\"@type\":\"WebPage\",\"@id\":\"https:\/\/codas.vn\/?page_id=334\",\"url\":\"https:\/\/codas.vn\/?page_id=334\",\"name\":\"X\\u00fac ti\\u1ebfn th\\u01b0\\u01a1ng m\\u1ea1i\"}}]}]}<\/script>\n<!-- \/ Yoast SEO plugin. -->","pll_sync_post":[],"_links":{"self":[{"href":"https:\/\/codas.vn\/index.php?rest_route=\/wp\/v2\/pages\/334"}],"collection":[{"href":"https:\/\/codas.vn\/index.php?rest_route=\/wp\/v2\/pages"}],"about":[{"href":"https:\/\/codas.vn\/index.php?rest_route=\/wp\/v2\/types\/page"}],"author":[{"embeddable":true,"href":"https:\/\/codas.vn\/index.php?rest_route=\/wp\/v2\/users\/2"}],"replies":[{"embeddable":true,"href":"https:\/\/codas.vn\/index.php?rest_route=%2Fwp%2Fv2%2Fcomments&post=334"}],"version-history":[{"count":23,"href":"https:\/\/codas.vn\/index.php?rest_route=\/wp\/v2\/pages\/334\/revisions"}],"predecessor-version":[{"id":997,"href":"https:\/\/codas.vn\/index.php?rest_route=\/wp\/v2\/pages\/334\/revisions\/997"}],"wp:attachment":[{"href":"https:\/\/codas.vn\/index.php?rest_route=%2Fwp%2Fv2%2Fmedia&parent=334"}],"curies":[{"name":"wp","href":"https:\/\/api.w.org\/{rel}","templated":true}]}}