{"id":421,"date":"2020-08-13T09:19:05","date_gmt":"2020-08-13T02:19:05","guid":{"rendered":"https:\/\/codas.vn\/?page_id=421"},"modified":"2020-08-20T17:44:40","modified_gmt":"2020-08-20T10:44:40","slug":"contact","status":"publish","type":"page","link":"https:\/\/codas.vn\/?page_id=421&lang=en","title":{"rendered":"Contact"},"content":{"rendered":"\t\t<div data-elementor-type=\"wp-page\" data-elementor-id=\"421\" class=\"elementor elementor-421\" data-elementor-settings=\"[]\">\n\t\t\t<div class=\"elementor-inner\">\n\t\t\t\t<div class=\"elementor-section-wrap\">\n\t\t\t\t\t\t\t<section class=\"elementor-element elementor-element-9e37bfd elementor-reverse-mobile elementor-section-boxed elementor-section-height-default elementor-section-height-default elementor-section elementor-top-section\" data-id=\"9e37bfd\" data-element_type=\"section\" data-settings=\"{&quot;background_background&quot;:&quot;classic&quot;}\">\n\t\t\t\t\t\t<div class=\"elementor-container elementor-column-gap-default\">\n\t\t\t\t<div class=\"elementor-row\">\n\t\t\t\t<div class=\"elementor-element elementor-element-71ad401 elementor-column elementor-col-100 elementor-top-column\" data-id=\"71ad401\" data-element_type=\"column\">\n\t\t\t<div class=\"elementor-column-wrap  elementor-element-populated\">\n\t\t\t\t\t<div class=\"elementor-widget-wrap\">\n\t\t\t\t<div class=\"elementor-element elementor-element-6e1ce90 elementor-widget elementor-widget-heading\" data-id=\"6e1ce90\" data-element_type=\"widget\" data-widget_type=\"heading.default\">\n\t\t\t\t<div class=\"elementor-widget-container\">\n\t\t\t<h2 class=\"elementor-heading-title elementor-size-default\">Contact<\/h2>\t\t<\/div>\n\t\t\t\t<\/div>\n\t\t\t\t<section class=\"elementor-element elementor-element-e7086ee elementor-section-boxed elementor-section-height-default elementor-section-height-default elementor-section elementor-inner-section\" data-id=\"e7086ee\" data-element_type=\"section\">\n\t\t\t\t\t\t<div class=\"elementor-container elementor-column-gap-no\">\n\t\t\t\t<div class=\"elementor-row\">\n\t\t\t\t<div class=\"elementor-element elementor-element-45dfcc5 elementor-column elementor-col-50 elementor-inner-column\" data-id=\"45dfcc5\" data-element_type=\"column\">\n\t\t\t<div class=\"elementor-column-wrap  elementor-element-populated\">\n\t\t\t\t\t<div class=\"elementor-widget-wrap\">\n\t\t\t\t<div class=\"elementor-element elementor-element-41bc68b elementor-widget elementor-widget-text-editor\" data-id=\"41bc68b\" data-element_type=\"widget\" data-widget_type=\"text-editor.default\">\n\t\t\t\t<div class=\"elementor-widget-container\">\n\t\t\t\t\t<div class=\"elementor-text-editor elementor-clearfix\"><p><em>&#8221; We always listen to and understand all of our customers&#8217; needs&#8221;<\/em><\/p><\/div>\n\t\t\t\t<\/div>\n\t\t\t\t<\/div>\n\t\t\t\t\t\t<\/div>\n\t\t\t<\/div>\n\t\t<\/div>\n\t\t\t\t<div class=\"elementor-element elementor-element-c8d1ead elementor-column elementor-col-50 elementor-inner-column\" data-id=\"c8d1ead\" data-element_type=\"column\">\n\t\t\t<div class=\"elementor-column-wrap\">\n\t\t\t\t\t<div class=\"elementor-widget-wrap\">\n\t\t\t\t\t\t<\/div>\n\t\t\t<\/div>\n\t\t<\/div>\n\t\t\t\t\t\t<\/div>\n\t\t\t<\/div>\n\t\t<\/section>\n\t\t\t\t<section class=\"elementor-element elementor-element-b55a876 elementor-section-boxed elementor-section-height-default elementor-section-height-default elementor-section elementor-inner-section\" data-id=\"b55a876\" data-element_type=\"section\">\n\t\t\t\t\t\t<div class=\"elementor-container elementor-column-gap-no\">\n\t\t\t\t<div class=\"elementor-row\">\n\t\t\t\t<div class=\"elementor-element elementor-element-d4f9d10 elementor-column elementor-col-50 elementor-inner-column\" data-id=\"d4f9d10\" data-element_type=\"column\">\n\t\t\t<div class=\"elementor-column-wrap  elementor-element-populated\">\n\t\t\t\t\t<div class=\"elementor-widget-wrap\">\n\t\t\t\t<div class=\"elementor-element elementor-element-4819a89 elementor-widget elementor-widget-heading\" data-id=\"4819a89\" data-element_type=\"widget\" data-widget_type=\"heading.default\">\n\t\t\t\t<div class=\"elementor-widget-container\">\n\t\t\t<div class=\"elementor-heading-title elementor-size-default\">email us now<\/div>\t\t<\/div>\n\t\t\t\t<\/div>\n\t\t\t\t<div class=\"elementor-element elementor-element-964f743 elementor-button-align-start elementor-widget elementor-widget-form\" data-id=\"964f743\" data-element_type=\"widget\" data-settings=\"{&quot;step_next_label&quot;:&quot;Next&quot;,&quot;step_previous_label&quot;:&quot;Previous&quot;,&quot;button_width&quot;:&quot;100&quot;,&quot;step_type&quot;:&quot;number_text&quot;,&quot;step_icon_shape&quot;:&quot;circle&quot;}\" data-widget_type=\"form.default\">\n\t\t\t\t<div class=\"elementor-widget-container\">\n\t\t\t\t\t<form class=\"elementor-form\" method=\"post\" >\n\t\t\t<input type=\"hidden\" name=\"post_id\" value=\"421\"\/>\n\t\t\t<input type=\"hidden\" name=\"form_id\" value=\"964f743\"\/>\n\n\t\t\t\n\t\t\t<div class=\"elementor-form-fields-wrapper elementor-labels-\">\n\t\t\t\t\t\t\t\t<div class=\"elementor-field-type-text elementor-field-group elementor-column elementor-field-group-name elementor-col-50\">\n\t\t\t\t\t<label for=\"form-field-name\" class=\"elementor-field-label elementor-screen-only\">Name<\/label><input size=\"1\" type=\"text\" name=\"form_fields[name]\" id=\"form-field-name\" class=\"elementor-field elementor-size-md  elementor-field-textual\" placeholder=\"Name\">\t\t\t\t<\/div>\n\t\t\t\t\t\t\t\t<div class=\"elementor-field-type-text elementor-field-group elementor-column elementor-field-group-field_8f6e630 elementor-col-50\">\n\t\t\t\t\t<label for=\"form-field-field_8f6e630\" class=\"elementor-field-label elementor-screen-only\">Address<\/label><input size=\"1\" type=\"text\" name=\"form_fields[field_8f6e630]\" id=\"form-field-field_8f6e630\" class=\"elementor-field elementor-size-md  elementor-field-textual\" placeholder=\"Address\">\t\t\t\t<\/div>\n\t\t\t\t\t\t\t\t<div class=\"elementor-field-type-tel elementor-field-group elementor-column elementor-field-group-field_8e011f4 elementor-col-50\">\n\t\t\t\t\t<label for=\"form-field-field_8e011f4\" class=\"elementor-field-label elementor-screen-only\">Phone<\/label><input size=\"1\" type=\"tel\" name=\"form_fields[field_8e011f4]\" id=\"form-field-field_8e011f4\" class=\"elementor-field elementor-size-md  elementor-field-textual\" placeholder=\"Phone\" pattern=\"[0-9()#&amp;+*-=.]+\" title=\"Only numbers and phone characters (#, -, *, etc) are accepted.\">\t\t\t\t<\/div>\n\t\t\t\t\t\t\t\t<div class=\"elementor-field-type-email elementor-field-group elementor-column elementor-field-group-email elementor-col-50 elementor-field-required\">\n\t\t\t\t\t<label for=\"form-field-email\" class=\"elementor-field-label elementor-screen-only\">Email<\/label><input size=\"1\" type=\"email\" name=\"form_fields[email]\" id=\"form-field-email\" class=\"elementor-field elementor-size-md  elementor-field-textual\" placeholder=\"Email\" required=\"required\" aria-required=\"true\">\t\t\t\t<\/div>\n\t\t\t\t\t\t\t\t<div class=\"elementor-field-type-textarea elementor-field-group elementor-column elementor-field-group-message elementor-col-100\">\n\t\t\t\t\t<label for=\"form-field-message\" class=\"elementor-field-label elementor-screen-only\">Content required<\/label><textarea class=\"elementor-field-textual elementor-field  elementor-size-md\" name=\"form_fields[message]\" id=\"form-field-message\" rows=\"7\" placeholder=\"Content required\"><\/textarea>\t\t\t\t<\/div>\n\t\t\t\t\t\t\t\t<div class=\"elementor-field-group elementor-column elementor-field-type-submit elementor-col-100 e-form__buttons\">\n\t\t\t\t\t<button type=\"submit\" class=\"elementor-button elementor-size-sm\">\n\t\t\t\t\t\t<span >\n\t\t\t\t\t\t\t\t\t\t\t\t\t\t\t<span class=\" elementor-button-icon\">\n\t\t\t\t\t\t\t\t\t\t\t\t\t\t\t\t\t\t\t\t\t\t\t\t\t\t<\/span>\n\t\t\t\t\t\t\t\t\t\t\t\t\t\t\t\t\t\t\t\t\t\t<span class=\"elementor-button-text\">Send now<\/span>\n\t\t\t\t\t\t\t\t\t\t\t\t\t<\/span>\n\t\t\t\t\t<\/button>\n\t\t\t\t<\/div>\n\t\t\t<\/div>\n\t\t<\/form>\n\t\t\t\t<\/div>\n\t\t\t\t<\/div>\n\t\t\t\t\t\t<\/div>\n\t\t\t<\/div>\n\t\t<\/div>\n\t\t\t\t<div class=\"elementor-element elementor-element-ce74975 elementor-column elementor-col-50 elementor-inner-column\" data-id=\"ce74975\" data-element_type=\"column\">\n\t\t\t<div class=\"elementor-column-wrap  elementor-element-populated\">\n\t\t\t\t\t<div class=\"elementor-widget-wrap\">\n\t\t\t\t<div class=\"elementor-element elementor-element-71fc5ad elementor-widget elementor-widget-image\" data-id=\"71fc5ad\" data-element_type=\"widget\" data-widget_type=\"image.default\">\n\t\t\t\t<div class=\"elementor-widget-container\">\n\t\t\t\t\t<div class=\"elementor-image\">\n\t\t\t\t\t\t\t\t\t\t<img width=\"253\" height=\"66\" src=\"https:\/\/codas.vn\/wp-content\/uploads\/2020\/08\/logo.png\" class=\"attachment-large size-large\" alt=\"\" loading=\"lazy\" \/>\t\t\t\t\t\t\t\t\t\t\t<\/div>\n\t\t\t\t<\/div>\n\t\t\t\t<\/div>\n\t\t\t\t<div class=\"elementor-element elementor-element-44d6ca5 elementor-widget elementor-widget-heading\" data-id=\"44d6ca5\" data-element_type=\"widget\" data-widget_type=\"heading.default\">\n\t\t\t\t<div class=\"elementor-widget-container\">\n\t\t\t<div class=\"elementor-heading-title elementor-size-default\">Address:<\/div>\t\t<\/div>\n\t\t\t\t<\/div>\n\t\t\t\t<div class=\"elementor-element elementor-element-1f669a7 elementor-icon-list--layout-traditional elementor-widget elementor-widget-icon-list\" data-id=\"1f669a7\" data-element_type=\"widget\" data-widget_type=\"icon-list.default\">\n\t\t\t\t<div class=\"elementor-widget-container\">\n\t\t\t\t\t<ul class=\"elementor-icon-list-items\">\n\t\t\t\t\t\t\t<li class=\"elementor-icon-list-item\" >\n\t\t\t\t\t\t\t\t\t\t\t<span class=\"elementor-icon-list-icon\">\n\t\t\t\t\t\t\t<i aria-hidden=\"true\" class=\"fas fa-map-marker-alt\"><\/i>\t\t\t\t\t\t<\/span>\n\t\t\t\t\t\t\t\t\t\t<span class=\"elementor-icon-list-text\">1073 \u0110\u00ea La Th\u00e0nh, P. Ng\u1ecdc Kh\u00e1nh, Q. Ba \u0110\u00ecnh, TP H\u00e0 N\u1ed9i<\/span>\n\t\t\t\t\t\t\t\t\t<\/li>\n\t\t\t\t\t\t<\/ul>\n\t\t\t\t<\/div>\n\t\t\t\t<\/div>\n\t\t\t\t<div class=\"elementor-element elementor-element-4b68ea7 elementor-widget elementor-widget-heading\" data-id=\"4b68ea7\" data-element_type=\"widget\" data-widget_type=\"heading.default\">\n\t\t\t\t<div class=\"elementor-widget-container\">\n\t\t\t<div class=\"elementor-heading-title elementor-size-default\">Hotline:<\/div>\t\t<\/div>\n\t\t\t\t<\/div>\n\t\t\t\t<div class=\"elementor-element elementor-element-d023b5a elementor-icon-list--layout-traditional elementor-widget elementor-widget-icon-list\" data-id=\"d023b5a\" data-element_type=\"widget\" data-widget_type=\"icon-list.default\">\n\t\t\t\t<div class=\"elementor-widget-container\">\n\t\t\t\t\t<ul class=\"elementor-icon-list-items\">\n\t\t\t\t\t\t\t<li class=\"elementor-icon-list-item\" >\n\t\t\t\t\t\t\t\t\t\t\t<span class=\"elementor-icon-list-icon\">\n\t\t\t\t\t\t\t<svg xmlns=\"http:\/\/www.w3.org\/2000\/svg\" xmlns:xlink=\"http:\/\/www.w3.org\/1999\/xlink\" id=\"Capa_1\" x=\"0px\" y=\"0px\" viewBox=\"0 0 512 512\" style=\"enable-background:new 0 0 512 512;\" xml:space=\"preserve\">\n<g>\n\t<g>\n\t\t<path d=\"M366,396c-5.52,0-10,4.48-10,10c0,5.52,4.48,10,10,10c5.52,0,10-4.48,10-10C376,400.48,371.52,396,366,396z\"><\/path>\n\t<\/g>\n<\/g>\n<g>\n\t<g>\n\t\t<path d=\"M390.622,363.663l-47.53-15.84l-17.063-34.127c15.372-15.646,26.045-36.348,29.644-57.941L357.801,243H376    c16.542,0,30-13.458,30-30v-63C406,67.29,338.71,0,256,0c-82.922,0-150,67.097-150,150v63c0,13.036,8.361,24.152,20,28.28V253    c0,16.542,13.458,30,30,30h8.782c4.335,9.417,9.946,18.139,16.774,25.974c1.416,1.628,2.893,3.206,4.406,4.741l-17.054,34.108    l-47.531,15.841C66.112,382.092,26,440.271,26,502c0,5.523,4.477,10,10,10h440c5.522,0,10-4.477,10-10    C486,440.271,445.889,382.092,390.622,363.663z M386,213c0,5.514-4.486,10-10,10h-15.262c2.542-19.69,4.236-40.643,4.917-61.28    c0.02-0.582,0.036-1.148,0.054-1.72H386V213z M136,223c-5.514,0-10-4.486-10-10v-53h20.298c0.033,1.043,0.068,2.091,0.107,3.146    c0.001,0.036,0.003,0.071,0.004,0.107c0,0.003,0,0.006,0,0.009c0.7,20.072,2.372,40.481,4.856,59.737H136V223z M156,263    c-5.514,0-10-4.486-10-10v-10h8.198l2.128,12.759c0.406,2.425,0.905,4.841,1.482,7.241H156z M146.017,140H126.38    C131.445,72.979,187.377,20,256,20c68.318,0,124.496,52.972,129.619,120h-19.635c-0.72-55.227-45.693-100-101.033-100h-17.9    C191.712,40,146.736,84.773,146.017,140z M247.05,60h17.9c44.809,0,81.076,36.651,81.05,81.41c0,3.147-0.025,5.887-0.078,8.38    c0,0.032-0.001,0.065-0.001,0.098l-12.508-1.787c-33.98-4.852-66.064-20.894-90.342-45.172C241.195,101.054,238.652,100,236,100    c-26.856,0-52.564,12.236-69.558,32.908C170.63,92.189,205.053,60,247.05,60z M178.54,263c-5.006-16.653-10.734-65.653-12-97.053    l13.459-17.946c12.361-16.476,31.592-26.713,52.049-27.888c26.917,25.616,61.739,42.532,98.537,47.786l14.722,2.104    c-0.984,20.885-2.995,41.843-5.876,61.118c-0.001,0.006-0.002,0.013-0.003,0.02c-0.916,6.197-1.638,10.185-3.482,21.324    c-5.296,31.765-28.998,60.49-60.287,68.313c-12.877,3.215-26.443,3.214-39.313,0c-19.537-4.884-37.451-18.402-49.012-37.778    h20.386c4.128,11.639,15.243,20,28.28,20h20c16.575,0,30-13.424,30-30c0-16.542-13.458-30-30-30h-20    c-13.327,0-24.278,8.608-28.297,20H178.54z M235.159,341.016c6.859,1.445,13.852,2.184,20.841,2.184    c5.471,0,10.943-0.458,16.353-1.346l-17.67,18.687L235.159,341.016z M240.935,375.079l-31.718,33.542    c-8.732-16.714-16.235-34.109-22.389-51.917l11.911-23.822L240.935,375.079z M311.566,329.494l13.604,27.209    c-6.164,17.838-13.669,35.239-22.392,51.933l-33.948-33.948L311.566,329.494z M226,273c0-5.521,4.478-10,10-10h20    c5.514,0,10,4.486,10,10c0,5.522-4.479,10-10,10h-20C230.486,283,226,278.514,226,273z M46.4,492    c3.963-49.539,36.932-94.567,81.302-109.363l42.094-14.028c7.712,21.325,17.266,42.052,28.463,61.74    c0.019,0.034,0.037,0.068,0.056,0.101c0,0.001,0.001,0.001,0.001,0.002c8.181,14.389,17.389,28.45,27.372,41.799L237.99,492H46.4z     M256,483.086l-13.562-21.773c-0.152-0.244-0.314-0.481-0.486-0.711c-8.098-10.802-15.652-22.099-22.532-33.662l35.663-37.714    l37.578,37.578c-6.926,11.647-14.506,22.991-22.611,33.796C269.56,461.253,270.255,460.224,256,483.086z M274.01,492    l12.301-19.748c10.027-13.4,19.301-27.574,27.564-42.132c0.05-0.088,0.097-0.178,0.147-0.266c0.006-0.011,0.012-0.021,0.018-0.032    c11.055-19.5,20.509-40.047,28.164-61.213l42.093,14.028c44.371,14.796,77.34,59.824,81.303,109.363H274.01z\"><\/path>\n\t<\/g>\n<\/g>\n<g>\n\t<g>\n\t\t<path d=\"M435.546,451.531c-6.683-13.377-16.472-25.261-28.309-34.367c-4.378-3.369-10.656-2.55-14.023,1.828    c-3.368,4.378-2.549,10.656,1.828,14.024c9.454,7.273,17.272,16.766,22.611,27.453c2.473,4.949,8.483,6.941,13.415,4.477    C436.008,462.478,438.013,456.472,435.546,451.531z\"><\/path>\n\t<\/g>\n<\/g>\n<g>\n<\/g>\n<g>\n<\/g>\n<g>\n<\/g>\n<g>\n<\/g>\n<g>\n<\/g>\n<g>\n<\/g>\n<g>\n<\/g>\n<g>\n<\/g>\n<g>\n<\/g>\n<g>\n<\/g>\n<g>\n<\/g>\n<g>\n<\/g>\n<g>\n<\/g>\n<g>\n<\/g>\n<g>\n<\/g>\n<\/svg>\t\t\t\t\t\t<\/span>\n\t\t\t\t\t\t\t\t\t\t<span class=\"elementor-icon-list-text\">0904 637 824<\/span>\n\t\t\t\t\t\t\t\t\t<\/li>\n\t\t\t\t\t\t<\/ul>\n\t\t\t\t<\/div>\n\t\t\t\t<\/div>\n\t\t\t\t<div class=\"elementor-element elementor-element-310860e elementor-widget elementor-widget-heading\" data-id=\"310860e\" data-element_type=\"widget\" data-widget_type=\"heading.default\">\n\t\t\t\t<div class=\"elementor-widget-container\">\n\t\t\t<div class=\"elementor-heading-title elementor-size-default\">Email:<\/div>\t\t<\/div>\n\t\t\t\t<\/div>\n\t\t\t\t<div class=\"elementor-element elementor-element-6457158 elementor-icon-list--layout-traditional elementor-widget elementor-widget-icon-list\" data-id=\"6457158\" data-element_type=\"widget\" data-widget_type=\"icon-list.default\">\n\t\t\t\t<div class=\"elementor-widget-container\">\n\t\t\t\t\t<ul class=\"elementor-icon-list-items\">\n\t\t\t\t\t\t\t<li class=\"elementor-icon-list-item\" >\n\t\t\t\t\t\t\t\t\t\t\t<span class=\"elementor-icon-list-icon\">\n\t\t\t\t\t\t\t<i aria-hidden=\"true\" class=\"far fa-envelope\"><\/i>\t\t\t\t\t\t<\/span>\n\t\t\t\t\t\t\t\t\t\t<span class=\"elementor-icon-list-text\">codasvn@gmail.com<\/span>\n\t\t\t\t\t\t\t\t\t<\/li>\n\t\t\t\t\t\t<\/ul>\n\t\t\t\t<\/div>\n\t\t\t\t<\/div>\n\t\t\t\t\t\t<\/div>\n\t\t\t<\/div>\n\t\t<\/div>\n\t\t\t\t\t\t<\/div>\n\t\t\t<\/div>\n\t\t<\/section>\n\t\t\t\t\t\t<\/div>\n\t\t\t<\/div>\n\t\t<\/div>\n\t\t\t\t\t\t<\/div>\n\t\t\t<\/div>\n\t\t<\/section>\n\t\t\t\t\t\t<\/div>\n\t\t\t<\/div>\n\t\t<\/div>\n\t\t","protected":false},"excerpt":{"rendered":"<p>&#8221; We always listen to and understand all of our customers&#8217; needs&#8221; email us now Address: 1073 \u0110\u00ea La Th\u00e0nh,<\/p>\n","protected":false},"author":2,"featured_media":0,"parent":0,"menu_order":0,"comment_status":"closed","ping_status":"closed","template":"","meta":[],"lang":"en","translations":{"en":421,"vi":30},"yoast_head":"<!-- This site is optimized with the Yoast SEO plugin v14.8 - https:\/\/yoast.com\/wordpress\/plugins\/seo\/ -->\n<title>Contact - Codas<\/title>\n<meta name=\"robots\" content=\"index, follow\" \/>\n<meta name=\"googlebot\" content=\"index, follow, max-snippet:-1, max-image-preview:large, max-video-preview:-1\" \/>\n<meta name=\"bingbot\" content=\"index, follow, max-snippet:-1, max-image-preview:large, max-video-preview:-1\" \/>\n<link rel=\"canonical\" href=\"https:\/\/codas.vn\/en\/contact\/\" \/>\n<meta property=\"og:locale\" content=\"vi_VN\" \/>\n<meta property=\"og:type\" content=\"article\" \/>\n<meta property=\"og:title\" content=\"Contact - Codas\" \/>\n<meta property=\"og:description\" content=\"&#8221; We always listen to and understand all of our customers&#8217; needs&#8221; email us now Address: 1073 \u0110\u00ea La Th\u00e0nh,\" \/>\n<meta property=\"og:url\" content=\"https:\/\/codas.vn\/en\/contact\/\" \/>\n<meta property=\"og:site_name\" content=\"Codas\" \/>\n<meta property=\"article:modified_time\" content=\"2020-08-20T10:44:40+00:00\" \/>\n<meta property=\"og:image\" content=\"https:\/\/codas.vn\/wp-content\/uploads\/2020\/08\/logo.png\" \/>\n<meta name=\"twitter:card\" content=\"summary_large_image\" \/>\n<script type=\"application\/ld+json\" class=\"yoast-schema-graph\">{\"@context\":\"https:\/\/schema.org\",\"@graph\":[{\"@type\":\"WebSite\",\"@id\":\"https:\/\/codas.vn\/#website\",\"url\":\"https:\/\/codas.vn\/\",\"name\":\"Codas\",\"description\":\"Just another WordPress site\",\"potentialAction\":[{\"@type\":\"SearchAction\",\"target\":\"https:\/\/codas.vn\/?s={search_term_string}\",\"query-input\":\"required name=search_term_string\"}],\"inLanguage\":\"vi\"},{\"@type\":\"ImageObject\",\"@id\":\"https:\/\/codas.vn\/en\/contact\/#primaryimage\",\"inLanguage\":\"vi\",\"url\":\"https:\/\/codas.vn\/wp-content\/uploads\/2020\/08\/logo.png\",\"width\":253,\"height\":66},{\"@type\":\"WebPage\",\"@id\":\"https:\/\/codas.vn\/en\/contact\/#webpage\",\"url\":\"https:\/\/codas.vn\/en\/contact\/\",\"name\":\"Contact - Codas\",\"isPartOf\":{\"@id\":\"https:\/\/codas.vn\/#website\"},\"primaryImageOfPage\":{\"@id\":\"https:\/\/codas.vn\/en\/contact\/#primaryimage\"},\"datePublished\":\"2020-08-13T02:19:05+00:00\",\"dateModified\":\"2020-08-20T10:44:40+00:00\",\"breadcrumb\":{\"@id\":\"https:\/\/codas.vn\/en\/contact\/#breadcrumb\"},\"inLanguage\":\"vi\",\"potentialAction\":[{\"@type\":\"ReadAction\",\"target\":[\"https:\/\/codas.vn\/en\/contact\/\"]}]},{\"@type\":\"BreadcrumbList\",\"@id\":\"https:\/\/codas.vn\/en\/contact\/#breadcrumb\",\"itemListElement\":[{\"@type\":\"ListItem\",\"position\":1,\"item\":{\"@type\":\"WebPage\",\"@id\":\"https:\/\/codas.vn\/\",\"url\":\"https:\/\/codas.vn\/\",\"name\":\"Trang ch\\u1ee7\"}},{\"@type\":\"ListItem\",\"position\":2,\"item\":{\"@type\":\"WebPage\",\"@id\":\"https:\/\/codas.vn\/en\/contact\/\",\"url\":\"https:\/\/codas.vn\/en\/contact\/\",\"name\":\"Contact\"}}]}]}<\/script>\n<!-- \/ Yoast SEO plugin. -->","pll_sync_post":[],"_links":{"self":[{"href":"https:\/\/codas.vn\/index.php?rest_route=\/wp\/v2\/pages\/421"}],"collection":[{"href":"https:\/\/codas.vn\/index.php?rest_route=\/wp\/v2\/pages"}],"about":[{"href":"https:\/\/codas.vn\/index.php?rest_route=\/wp\/v2\/types\/page"}],"author":[{"embeddable":true,"href":"https:\/\/codas.vn\/index.php?rest_route=\/wp\/v2\/users\/2"}],"replies":[{"embeddable":true,"href":"https:\/\/codas.vn\/index.php?rest_route=%2Fwp%2Fv2%2Fcomments&post=421"}],"version-history":[{"count":5,"href":"https:\/\/codas.vn\/index.php?rest_route=\/wp\/v2\/pages\/421\/revisions"}],"predecessor-version":[{"id":703,"href":"https:\/\/codas.vn\/index.php?rest_route=\/wp\/v2\/pages\/421\/revisions\/703"}],"wp:attachment":[{"href":"https:\/\/codas.vn\/index.php?rest_route=%2Fwp%2Fv2%2Fmedia&parent=421"}],"curies":[{"name":"wp","href":"https:\/\/api.w.org\/{rel}","templated":true}]}}